{"id":1433,"date":"2019-04-08T14:39:52","date_gmt":"2019-04-08T14:39:52","guid":{"rendered":"http:\/\/www.innovationplans.com\/themeforest\/trobica\/wp\/?page_id=1433"},"modified":"2024-04-03T13:06:53","modified_gmt":"2024-04-03T10:06:53","slug":"contact-us","status":"publish","type":"page","link":"https:\/\/extrusionpower.eu\/en\/elements\/contact-us\/","title":{"rendered":"Contact"},"content":{"rendered":"\t\t<div data-elementor-type=\"wp-post\" data-elementor-id=\"1433\" class=\"elementor elementor-1433\">\n\t\t\t\t\t\t<section class=\"elementor-section elementor-top-section elementor-element elementor-element-335ebb25 elementor-section-boxed elementor-section-height-default elementor-section-height-default\" data-id=\"335ebb25\" data-element_type=\"section\" data-e-type=\"section\" data-settings=\"{&quot;background_background&quot;:&quot;classic&quot;}\">\n\t\t\t\t\t\t\t<div class=\"elementor-background-overlay\"><\/div>\n\t\t\t\t\t\t\t<div class=\"elementor-container elementor-column-gap-default\">\n\t\t\t\t\t<div class=\"elementor-column elementor-col-100 elementor-top-column elementor-element elementor-element-7941f4da\" data-id=\"7941f4da\" data-element_type=\"column\" data-e-type=\"column\">\n\t\t\t<div class=\"elementor-widget-wrap elementor-element-populated\">\n\t\t\t\t\t\t<div class=\"elementor-element elementor-element-7a3061a9 elementor-widget elementor-widget-heading\" data-id=\"7a3061a9\" data-element_type=\"widget\" data-e-type=\"widget\" data-widget_type=\"heading.default\">\n\t\t\t\t<div class=\"elementor-widget-container\">\n\t\t\t\t\t<h1 class=\"elementor-heading-title elementor-size-default\">\u0130leti\u015fim<\/h1>\t\t\t\t<\/div>\n\t\t\t\t<\/div>\n\t\t\t\t\t<\/div>\n\t\t<\/div>\n\t\t\t\t\t<\/div>\n\t\t<\/section>\n\t\t\t\t<section class=\"elementor-section elementor-top-section elementor-element elementor-element-2e66b83 elementor-section-stretched elementor-section-full_width elementor-section-height-default elementor-section-height-default\" data-id=\"2e66b83\" data-element_type=\"section\" data-e-type=\"section\" data-settings=\"{&quot;stretch_section&quot;:&quot;section-stretched&quot;}\">\n\t\t\t\t\t\t<div class=\"elementor-container elementor-column-gap-no\">\n\t\t\t\t\t<div class=\"elementor-column elementor-col-100 elementor-top-column elementor-element elementor-element-464dea6\" data-id=\"464dea6\" data-element_type=\"column\" data-e-type=\"column\">\n\t\t\t<div class=\"elementor-widget-wrap elementor-element-populated\">\n\t\t\t\t\t\t<div class=\"elementor-element elementor-element-53aba27 elementor-widget elementor-widget-shortcode\" data-id=\"53aba27\" data-element_type=\"widget\" data-e-type=\"widget\" data-widget_type=\"shortcode.default\">\n\t\t\t\t<div class=\"elementor-widget-container\">\n\t\t\t\t\t\t\t<div class=\"elementor-shortcode\">\t\t<div data-elementor-type=\"section\" data-elementor-id=\"1430\" class=\"elementor elementor-1430\">\n\t\t\t\t\t\t<section class=\"elementor-section elementor-top-section elementor-element elementor-element-5fe0fad3 elementor-section-boxed elementor-section-height-default elementor-section-height-default\" data-id=\"5fe0fad3\" data-element_type=\"section\" data-e-type=\"section\" id=\"Contacts\" data-settings=\"{&quot;background_background&quot;:&quot;classic&quot;}\">\n\t\t\t\t\t\t<div class=\"elementor-container elementor-column-gap-default\">\n\t\t\t\t\t<div class=\"elementor-column elementor-col-100 elementor-top-column elementor-element elementor-element-10586275\" data-id=\"10586275\" data-element_type=\"column\" data-e-type=\"column\">\n\t\t\t<div class=\"elementor-widget-wrap elementor-element-populated\">\n\t\t\t\t\t\t<section class=\"elementor-section elementor-inner-section elementor-element elementor-element-d800637 elementor-section-boxed elementor-section-height-default elementor-section-height-default\" data-id=\"d800637\" data-element_type=\"section\" data-e-type=\"section\">\n\t\t\t\t\t\t<div class=\"elementor-container elementor-column-gap-default\">\n\t\t\t\t\t<div class=\"elementor-column elementor-col-100 elementor-inner-column elementor-element elementor-element-2df44ea\" data-id=\"2df44ea\" data-element_type=\"column\" data-e-type=\"column\">\n\t\t\t<div class=\"elementor-widget-wrap elementor-element-populated\">\n\t\t\t\t\t\t<div class=\"elementor-element elementor-element-f98e30f elementor-widget elementor-widget-heading\" data-id=\"f98e30f\" data-element_type=\"widget\" data-e-type=\"widget\" data-widget_type=\"heading.default\">\n\t\t\t\t<div class=\"elementor-widget-container\">\n\t\t\t\t\t<h3 class=\"elementor-heading-title elementor-size-default\">\u0130LET\u0130\u015e\u0130M B\u0130LG\u0130LER\u0130<\/h3>\t\t\t\t<\/div>\n\t\t\t\t<\/div>\n\t\t\t\t\t<\/div>\n\t\t<\/div>\n\t\t\t\t\t<\/div>\n\t\t<\/section>\n\t\t\t\t<section class=\"elementor-section elementor-inner-section elementor-element elementor-element-c64149b elementor-section-boxed elementor-section-height-default elementor-section-height-default\" data-id=\"c64149b\" data-element_type=\"section\" data-e-type=\"section\">\n\t\t\t\t\t\t<div class=\"elementor-container elementor-column-gap-default\">\n\t\t\t\t\t<div class=\"elementor-column elementor-col-33 elementor-inner-column elementor-element elementor-element-4f57524d\" data-id=\"4f57524d\" data-element_type=\"column\" data-e-type=\"column\">\n\t\t\t<div class=\"elementor-widget-wrap elementor-element-populated\">\n\t\t\t\t\t\t<div class=\"elementor-element elementor-element-3327d0e1 elementor-widget elementor-widget-trobica-texticon\" data-id=\"3327d0e1\" data-element_type=\"widget\" data-e-type=\"widget\" data-widget_type=\"trobica-texticon.default\">\n\t\t\t\t<div class=\"elementor-widget-container\">\n\t\t\t\t\t\t\t\r\n\t\t<div class=\"box-with-icon feature-3\">\r\n\t\t  <i class=\"trobica-icon fa fa fa-map-marker\"><\/i>\r\n\t\t  \t\t  <div class=\"cont\">\r\n\t\t  <h3 class=\"icon-title\">Adres<\/h3>\r\n\t\t  \t\t  \r\n\t\t            \r\n\t\t  <div class=\"icon-text\"><div class=\"elementor-element elementor-element-b59a336 elementor-widget elementor-widget-icontact_info\" data-id=\"b59a336\" data-element_type=\"widget\" data-widget_type=\"icontact_info.default\"><div class=\"elementor-widget-container\"><div class=\"contact-info box-style1\"><div class=\"info-text\"><p>Atat\u00fcrk mh. Ertu\u011frul Gazi Sok.<br \/>Metropol \u0130stanbul A Blok No:2E Kat:21 D:331 34758 Ata\u015fehir \/\u0130stanbul<\/p><\/div><\/div><\/div><\/div><\/div>\r\n\t\t  \r\n\t\t  \r\n\t\t  \r\n\t\t  \t\t  \r\n          \r\n\t  <\/div><!--\/.cont-->\r\n\t  <\/div><!--\/.box-small-icon-->\r\n\t\t\r\n\t\t\r\n\t\t\r\n\t\t\t\t\t<\/div>\n\t\t\t\t<\/div>\n\t\t\t\t<div class=\"elementor-element elementor-element-e93388e elementor-widget elementor-widget-trobica-texticon\" data-id=\"e93388e\" data-element_type=\"widget\" data-e-type=\"widget\" data-widget_type=\"trobica-texticon.default\">\n\t\t\t\t<div class=\"elementor-widget-container\">\n\t\t\t\t\t\t\t\r\n\t\t<div class=\"box-with-icon feature-3\">\r\n\t\t  <i class=\"trobica-icon fa fa fa-mobile-phone\"><\/i>\r\n\t\t  \t\t  <div class=\"cont\">\r\n\t\t  <h3 class=\"icon-title\">Telefon<\/h3>\r\n\t\t  \t\t  \r\n\t\t            \r\n\t\t  <div class=\"icon-text\"><div data-id=\"a59e635\" data-element_type=\"widget\" data-widget_type=\"icontact_info.default\"><div><div><div><p>+90 216 606 58 32<\/p><\/div><\/div><\/div><\/div><\/div>\r\n\t\t  \r\n\t\t  \r\n\t\t  \r\n\t\t  \t\t  \r\n          \r\n\t  <\/div><!--\/.cont-->\r\n\t  <\/div><!--\/.box-small-icon-->\r\n\t\t\r\n\t\t\r\n\t\t\r\n\t\t\t\t\t<\/div>\n\t\t\t\t<\/div>\n\t\t\t\t<div class=\"elementor-element elementor-element-7b23abee elementor-widget elementor-widget-trobica-texticon\" data-id=\"7b23abee\" data-element_type=\"widget\" data-e-type=\"widget\" data-widget_type=\"trobica-texticon.default\">\n\t\t\t\t<div class=\"elementor-widget-container\">\n\t\t\t\t\t\t\t\r\n\t\t<div class=\"box-with-icon feature-3\">\r\n\t\t  <i class=\"trobica-icon fa fa fa-envelope-o\"><\/i>\r\n\t\t  \t\t  <div class=\"cont\">\r\n\t\t  <h3 class=\"icon-title\">E-mail<\/h3>\r\n\t\t  \t\t  \r\n\t\t            \r\n\t\t  <div class=\"icon-text\"><div class=\"elementor-element elementor-element-4c90f57 elementor-widget elementor-widget-icontact_info\" data-id=\"4c90f57\" data-element_type=\"widget\" data-widget_type=\"icontact_info.default\"><div class=\"elementor-widget-container\"><div class=\"contact-info box-style1\"><div class=\"info-text\"><p>bilgi[at]viametrix.com<\/p><\/div><\/div><\/div><\/div><\/div>\r\n\t\t  \r\n\t\t  \r\n\t\t  \r\n\t\t  \t\t  \r\n          \r\n\t  <\/div><!--\/.cont-->\r\n\t  <\/div><!--\/.box-small-icon-->\r\n\t\t\r\n\t\t\r\n\t\t\r\n\t\t\t\t\t<\/div>\n\t\t\t\t<\/div>\n\t\t\t\t\t<\/div>\n\t\t<\/div>\n\t\t\t\t<div class=\"elementor-column elementor-col-66 elementor-inner-column elementor-element elementor-element-62df7888\" data-id=\"62df7888\" data-element_type=\"column\" data-e-type=\"column\">\n\t\t\t<div class=\"elementor-widget-wrap elementor-element-populated\">\n\t\t\t\t\t\t<div class=\"elementor-element elementor-element-65f77f9b elementor-widget elementor-widget-trobica-contact\" data-id=\"65f77f9b\" data-element_type=\"widget\" data-e-type=\"widget\" data-widget_type=\"trobica-contact.default\">\n\t\t\t\t<div class=\"elementor-widget-container\">\n\t\t\t\t\t\t\t<div class=\"trobica-contact-shortcode\">\n<div class=\"wpcf7 no-js\" id=\"wpcf7-f296-o1\" lang=\"en-US\" dir=\"ltr\" data-wpcf7-id=\"296\">\n<div class=\"screen-reader-response\"><p role=\"status\" aria-live=\"polite\" aria-atomic=\"true\"><\/p> <ul><\/ul><\/div>\n<form action=\"\/en\/wp-json\/wp\/v2\/pages\/1433#wpcf7-f296-o1\" method=\"post\" class=\"wpcf7-form init\" aria-label=\"Contact form\" novalidate=\"novalidate\" data-status=\"init\">\n<fieldset class=\"hidden-fields-container\"><input type=\"hidden\" name=\"_wpcf7\" value=\"296\" \/><input type=\"hidden\" name=\"_wpcf7_version\" value=\"6.1.5\" \/><input type=\"hidden\" name=\"_wpcf7_locale\" value=\"en_US\" \/><input type=\"hidden\" name=\"_wpcf7_unit_tag\" value=\"wpcf7-f296-o1\" \/><input type=\"hidden\" name=\"_wpcf7_container_post\" value=\"0\" \/><input type=\"hidden\" name=\"_wpcf7_posted_data_hash\" value=\"\" \/>\n<\/fieldset>\n<p><span class=\"wpcf7-form-control-wrap\" data-name=\"your-name\"><input size=\"40\" maxlength=\"400\" class=\"wpcf7-form-control wpcf7-text wpcf7-validates-as-required\" aria-required=\"true\" aria-invalid=\"false\" placeholder=\"Your Name...\" value=\"\" type=\"text\" name=\"your-name\" \/><\/span><br \/>\n<span class=\"wpcf7-form-control-wrap\" data-name=\"cell-phone\"><input size=\"40\" maxlength=\"400\" class=\"wpcf7-form-control wpcf7-tel wpcf7-validates-as-required wpcf7-text wpcf7-validates-as-tel\" aria-required=\"true\" aria-invalid=\"false\" placeholder=\"Cell Phone...\" value=\"\" type=\"tel\" name=\"cell-phone\" \/><\/span>\n<\/p>\n<p><span class=\"wpcf7-form-control-wrap\" data-name=\"your-email\"><input size=\"40\" maxlength=\"400\" class=\"wpcf7-form-control wpcf7-email wpcf7-validates-as-required wpcf7-text wpcf7-validates-as-email\" aria-required=\"true\" aria-invalid=\"false\" placeholder=\"Email Address...\" value=\"\" type=\"email\" name=\"your-email\" \/><\/span><br \/>\n<span class=\"wpcf7-form-control-wrap\" data-name=\"subject\"><input size=\"40\" maxlength=\"400\" class=\"wpcf7-form-control wpcf7-text wpcf7-validates-as-required\" aria-required=\"true\" aria-invalid=\"false\" placeholder=\"Subject...\" value=\"\" type=\"text\" name=\"subject\" \/><\/span>\n<\/p>\n<p><span class=\"wpcf7-form-control-wrap\" data-name=\"your-message\"><textarea cols=\"40\" rows=\"10\" maxlength=\"2000\" class=\"wpcf7-form-control wpcf7-textarea\" aria-invalid=\"false\" placeholder=\"Your Message\" name=\"your-message\"><\/textarea><\/span>\n<\/p>\n<p><input class=\"wpcf7-form-control wpcf7-submit has-spinner\" type=\"submit\" value=\"Send Message\" \/>\n<\/p><div class=\"wpcf7-response-output\" aria-hidden=\"true\"><\/div>\n<\/form>\n<\/div>\n<\/div>\r\n\t\t\t\t\t\t<\/div>\n\t\t\t\t<\/div>\n\t\t\t\t\t<\/div>\n\t\t<\/div>\n\t\t\t\t\t<\/div>\n\t\t<\/section>\n\t\t\t\t\t<\/div>\n\t\t<\/div>\n\t\t\t\t\t<\/div>\n\t\t<\/section>\n\t\t\t\t<\/div>\n\t\t<\/div>\n\t\t\t\t\t\t<\/div>\n\t\t\t\t<\/div>\n\t\t\t\t\t<\/div>\n\t\t<\/div>\n\t\t\t\t\t<\/div>\n\t\t<\/section>\n\t\t\t\t<\/div>\n\t\t","protected":false},"excerpt":{"rendered":"<p>Contact<\/p>","protected":false},"author":1,"featured_media":0,"parent":945,"menu_order":0,"comment_status":"closed","ping_status":"closed","template":"blank-builder.php","meta":{"footnotes":""},"class_list":["post-1433","page","type-page","status-publish","hentry"],"_links":{"self":[{"href":"https:\/\/extrusionpower.eu\/en\/wp-json\/wp\/v2\/pages\/1433","targetHints":{"allow":["GET"]}}],"collection":[{"href":"https:\/\/extrusionpower.eu\/en\/wp-json\/wp\/v2\/pages"}],"about":[{"href":"https:\/\/extrusionpower.eu\/en\/wp-json\/wp\/v2\/types\/page"}],"author":[{"embeddable":true,"href":"https:\/\/extrusionpower.eu\/en\/wp-json\/wp\/v2\/users\/1"}],"replies":[{"embeddable":true,"href":"https:\/\/extrusionpower.eu\/en\/wp-json\/wp\/v2\/comments?post=1433"}],"version-history":[{"count":0,"href":"https:\/\/extrusionpower.eu\/en\/wp-json\/wp\/v2\/pages\/1433\/revisions"}],"up":[{"embeddable":true,"href":"https:\/\/extrusionpower.eu\/en\/wp-json\/wp\/v2\/pages\/945"}],"wp:attachment":[{"href":"https:\/\/extrusionpower.eu\/en\/wp-json\/wp\/v2\/media?parent=1433"}],"curies":[{"name":"wp","href":"https:\/\/api.w.org\/{rel}","templated":true}]}}